{"id":5089,"date":"2021-08-18T12:43:35","date_gmt":"2021-08-18T09:43:35","guid":{"rendered":"https:\/\/eftenliving.lt\/message-sent-confirmation\/"},"modified":"2024-10-30T11:08:10","modified_gmt":"2024-10-30T09:08:10","slug":"message-sent-confirmation","status":"publish","type":"page","link":"https:\/\/investor.eref.ee\/lt\/message-sent-confirmation\/","title":{"rendered":"Message sent confirmation"},"content":{"rendered":"\t\t\t\t\t\t\t\t\t\t\t\t\t\t\t\t\t\t\t \n\t<div id=\"\" class=\"twocol-table mask dark left hero call-for-action3\" >\n\t\t\n\t\t\t\n\t\t<div class=\"twocol-one massive-image last\" data-background-image=\"https:\/\/investor.eref.ee\/wp-content\/uploads\/2024\/10\/galerii-12.jpg\" style=\"background-image: url('https:\/\/investor.eref.ee\/wp-content\/uploads\/2024\/10\/galerii-12.jpg')\" role=\"img\" aria-label=\"A\u010di\u016b! J\u016bs\u0173 \u017einut\u0117 s\u0117kmingai i\u0161si\u0173sta.\"><br\/>\n\t\t\t\t\t\t\t\t\t\t\n\t\t\t\n\t\t  <\/div>\t\t\t\t\t\t\t\t\t\t\t\t\t\t\t\t\t \t\t\t\t\t\t\t\t\t\t\t\t\t\t \t\n\t\t\t<div class=\"twocol-one massive-text \">\n\t\t\t\n\t\t\t\t\t\t\t\t\t<h1> A\u010di\u016b! J\u016bs\u0173 \u017einut\u0117 s\u0117kmingai i\u0161si\u0173sta.<\/h1> \n\t\t\t\t\t\t\n\t\t\n\t\t\t\t\t\t\t\t\t<p>Atsakysime kaip gal\u0117dami skubiau.<\/p>\n\t\t\t\t\t\t\t\t\t\t\t\t\t\t\t\t\n\t\t<\/div>\n\t<\/div>\n\n\t\n<p>&nbsp;<\/p>\n","protected":false},"excerpt":{"rendered":"<p>&nbsp;  <a href=\"https:\/\/investor.eref.ee\/lt\/message-sent-confirmation\/\">&nbsp;&raquo;&nbsp;Read more<\/a><\/p>\n","protected":false},"author":1,"featured_media":0,"parent":0,"menu_order":0,"comment_status":"closed","ping_status":"closed","template":"template-eften-clean.php","meta":{"footnotes":""},"class_list":["post-5089","page","type-page","status-publish","hentry"],"_links":{"self":[{"href":"https:\/\/investor.eref.ee\/lt\/wp-json\/wp\/v2\/pages\/5089","targetHints":{"allow":["GET"]}}],"collection":[{"href":"https:\/\/investor.eref.ee\/lt\/wp-json\/wp\/v2\/pages"}],"about":[{"href":"https:\/\/investor.eref.ee\/lt\/wp-json\/wp\/v2\/types\/page"}],"author":[{"embeddable":true,"href":"https:\/\/investor.eref.ee\/lt\/wp-json\/wp\/v2\/users\/1"}],"replies":[{"embeddable":true,"href":"https:\/\/investor.eref.ee\/lt\/wp-json\/wp\/v2\/comments?post=5089"}],"version-history":[{"count":3,"href":"https:\/\/investor.eref.ee\/lt\/wp-json\/wp\/v2\/pages\/5089\/revisions"}],"predecessor-version":[{"id":7310,"href":"https:\/\/investor.eref.ee\/lt\/wp-json\/wp\/v2\/pages\/5089\/revisions\/7310"}],"wp:attachment":[{"href":"https:\/\/investor.eref.ee\/lt\/wp-json\/wp\/v2\/media?parent=5089"}],"curies":[{"name":"wp","href":"https:\/\/api.w.org\/{rel}","templated":true}]}}