{"id":5165,"date":"2024-10-23T14:23:51","date_gmt":"2024-10-23T12:23:51","guid":{"rendered":"https:\/\/eftenliving.lt\/?page_id=5165"},"modified":"2024-11-26T11:56:27","modified_gmt":"2024-11-26T09:56:27","slug":"avaleht","status":"publish","type":"page","link":"https:\/\/investor.eref.ee\/lt\/","title":{"rendered":"EfTEN Real Estate Fund AS Vie\u0161as Papildom\u0173 Akcij\u0173 Si\u016blymas"},"content":{"rendered":"\t\t\t\t\t\t\t\t\t\t\t\t\t\t\t\t\t\t\t \n\t<div id=\"\" class=\"twocol-table mask dark left hero call-for-action3\" >\n\t\t\n\t\t\t\n\t\t<div class=\"twocol-one massive-image last\" data-background-image=\"https:\/\/investor.eref.ee\/wp-content\/uploads\/2024\/10\/galerii-12.jpg\" style=\"background-image: url('https:\/\/investor.eref.ee\/wp-content\/uploads\/2024\/10\/galerii-12.jpg')\" role=\"img\" aria-label=\"Eref portfell\"><br\/>\n\t\t\t\t\t\t\t\t\t\t<video autoplay loop muted playsinline style=\"position:absolute; top:0; left:0; width:100%; height:100%; object-fit:cover; z-index:-1;\">\n\t\t\t\t<source src=\"https:\/\/investor.eref.ee\/wp-content\/uploads\/2024\/10\/eref1_1080p_7.mp4\" type=\"video\/mp4\">\n\t\t\t\t<img decoding=\"async\" src=\"https:\/\/investor.eref.ee\/wp-content\/uploads\/2024\/10\/galerii-12.jpg\" alt=\"Eref portfell\" style=\"width:100%; height:100%; object-fit:cover; position:absolute; top:0; left:0; z-index:0;\"\/>\n\t\t\t<\/video>\n\t\t\t\t\t\n\t\t\t\n\t\t  <\/div>\t\t\t\t\t\t\t\t\t\t\t\t\t\t\t\t\t \t\t\t\t\t\t\t\t\t\t\t\t\t\t \t\n\t\t\t<div class=\"twocol-one massive-text \">\n\t\t\t\n\t\t\t\t\t\t\t\t\t<h1> EfTEN Real<br \/>\nEstate Fund AS<br \/>\nvie\u0161as papildom\u0173<br \/>\nakcij\u0173 si\u016blymas<\/h1> \n\t\t\t\t\t\t\n\t\t\n\t\t\t\t\t\t\t\t\t<p>Prenumeratos laikotarpis: 2024-11-21 \u2013 2024-12-06<\/p>\n\t\t\t\t\t\t\t\t\t\t\t\t\t<a href=\"#terms\" class=\"action-button\"  >Kaip?<span>Skaitykite s\u0105lygas<\/span><\/a>\n\t\t\t\t\t\t\t\t\t\t\t\t\t<a href=\"#timeline\" class=\"action-button alt\"  >Kada?<span>\u017di\u016br\u0117kite grafik\u0105<\/span><\/a>\n\t\t\t\t\t\t\t\t\n\t\t<\/div>\n\t<\/div>\n\n\t\n<hr class=\"section-spacer\" \/>\n<div class=\"masonry three-col three-columns-image massive-animate\">\n<div class=\"fix\"><\/div>\t\n\t\n\t\t\t\t\t\t\t\t\t<div class=\"item\"><div class=\"cell-content\">\n\t\t\t\t\t\t\t\t\t\t\t\t \t\t\t\t\t\t\t\t\t\t   \n\t\t\t\t\t\t <div class=\"cell-image\">\t\t\t\t\t\t<img loading=\"lazy\" decoding=\"async\" alt=\"argument\" width=\"256\" height=\"256\" class=\"alignleft size-thumbnail three-columns-image \"  src=\"https:\/\/investor.eref.ee\/wp-content\/uploads\/2024\/10\/icon-portfolio-flat-256x256.jpg\"><\/div>\t\t\t\t\t\t\t\t\t\t\t\t\t   \n\t\t\t\t\t\t\t\t\t\t\t\t\t\t\t\t\t\t<div class=\"cell-text\">\n\t\t\t\t\t\t<h3>35 komerciniai<br \/>\nobjektai Baltijos<br \/>\n\u0161alyse<\/h3>\n\t\t\t\t\t\t<\/div>\t\t\t\t\t\t\n\t\t\t\t\t\t<\/div><\/div>\n\t\t\t\t\t\n\t\t\t\t\t\t\t\t\t<div class=\"item\"><div class=\"cell-content\">\n\t\t\t\t\t\t \t\t\t\t\t\t \t\t\t\t\t\t\t\t\t\t   \n\t\t\t\t\t\t <div class=\"cell-image\">\t\t\t\t\t\t<img loading=\"lazy\" decoding=\"async\" alt=\"argument\" width=\"256\" height=\"256\" class=\"alignleft size-thumbnail three-columns-image\"  src=\"https:\/\/investor.eref.ee\/wp-content\/uploads\/2024\/10\/icon-trend-flat-256x256.jpg\"><\/div>\t\t\t\t\t\t\t\t\t\t\t\t\t   \n\t\t\t\t\t\t\t\t\t\t\t\t\t\t\t\t\t\t<div class=\"cell-text\">\n\t\t\t\t\t\t<h3>Istori\u0161kai<br \/>\nstabil\u016bs<br \/>\ndividendai<\/h3>\n\t\t\t\t\t\t\t<\/div>\t\t\t\t\t\t\n\t\t\t\t\t\t<\/div><\/div>\n\t\t\t\t\t\n\t\t\t\t\t\t\t\t\t<div class=\"item\"><div class=\"cell-content\">\n\t\t\t\t\t\t \t\t\t\t\t\t \t\t\t\t\t\t\t\t\t\t   \n\t\t\t\t\t\t <div class=\"cell-image\">\t\t\t\t\t\t<img loading=\"lazy\" decoding=\"async\" alt=\"argument\" width=\"256\" height=\"256\" class=\"alignleft size-thumbnail three-columns-image\"  src=\"https:\/\/investor.eref.ee\/wp-content\/uploads\/2024\/10\/icon-vacancy-flat-256x256.jpg\"><\/div>\t\t\t\t\t\t\t\t\t\t\t\t\t   \n\t\t\t\t\t\t\t\t\t\t\t\t\t\t\t\t\t\t<div class=\"cell-text\">\n\t\t\t\t\t\t<h3>\u017demas<br \/>\nportfelio<br \/>\nneu\u017eimtumas<\/h3>\n\t\t\t\t\t\t<\/div>\t\t\t\t\n\t\t\t\t\t\t<\/div><\/div>\n\t\t\t\t<\/div>\n\n\t\n<hr class=\"section-spacer\" \/>\n<h2 id=\"terms\" style=\"text-align: center;\">S\u0105lygos<\/h2>\n<div id=\"terms\"><\/div>\n<div class=\"table-wrapper massive-animate\">\n<div class=\"table-scroll\">\n<table class=\"table terms\">\n<tbody>\n<tr>\n<th><\/th>\n<th><\/th>\n<\/tr>\n<tr>\n<td>Priemon\u0117s pavadinimas<\/td>\n<td>EfTEN Real Estate Fund AS akcija<\/td>\n<\/tr>\n<tr>\n<td>Prenumeratos laikotarpis<\/td>\n<td>2024-11-21, 9:00 iki 2024-12-06, 15:30<\/td>\n<\/tr>\n<tr>\n<td>Pasi\u016blymo \u0161alys<\/td>\n<td>Estija, Latvija, Lietuva<\/td>\n<\/tr>\n<tr>\n<td>\u012etraukimas \u012f s\u0105ra\u0161\u0105<\/td>\n<td>Nasdaq Tallinn, Baltijos pagrindinis s\u0105ra\u0161as<\/td>\n<\/tr>\n<tr>\n<td>Prenumeratos kaina<\/td>\n<td>19 eurai<\/td>\n<\/tr>\n<tr>\n<td>Bendras emisijos kiekis<\/td>\n<td>1 000 000 akcij\u0173, kurios gali b\u016bti padidintas iki 1 500 000 akcij\u0173<\/td>\n<\/tr>\n<tr>\n<td>Prospektas<\/td>\n<td><a href=\"https:\/\/eref.ee\/wp-content\/uploads\/2024\/11\/EREF_prospekt_EN.pdf\" target=\"_blank\" rel=\"noopener\">Prospektas (neoficialus vertimas EN)<\/a><\/td>\n<\/tr>\n<tr>\n<td>Prospekto santrauka<\/td>\n<td><a href=\"https:\/\/eref.ee\/wp-content\/uploads\/2024\/11\/EREF_prospekti_kokkuvote_LT_201124.pdf\" target=\"_blank\" rel=\"noopener\">Prospekto santrauka (LT)<\/a>, <a href=\"https:\/\/eref.ee\/wp-content\/uploads\/2024\/11\/EREF_prospekti_kokkuvote_EN_201124.pdf\" target=\"_blank\" rel=\"noopener\">Prospekto santrauka (EN)<\/a><\/td>\n<\/tr>\n<tr>\n<td>Pagrindin\u0117s informacijos dokumentas<\/td>\n<td><a href=\"https:\/\/eref.ee\/wp-content\/uploads\/2024\/11\/EREF_KID_LIT.pdf\" target=\"_blank\" rel=\"noopener\">Pagrindin\u0117s informacijos dokumentas (LT)<\/a><\/td>\n<\/tr>\n<tr>\n<td>Investuotoj\u0173 pristatymas<\/td>\n<td><a href=\"https:\/\/investor.eref.ee\/wp-content\/uploads\/2024\/11\/eref-investor-presentation_eng.pdf\" target=\"_blank\" rel=\"noopener\">Investuotoj\u0173 pristatymas (EN)<\/a><\/td>\n<\/tr>\n<tr>\n<td>DUK<\/td>\n<td><a href=\"#qa\">Da\u017enai u\u017eduodami klausimai<\/a><\/td>\n<\/tr>\n<tr>\n<td><\/td>\n<td><\/td>\n<\/tr>\n<\/tbody>\n<\/table>\n<\/div>\n<\/div>\n<hr class=\"section-spacer\" \/>\n<h2 id=\"timeline\" style=\"text-align: center;\">Grafikas<\/h2>\n<div class=\"timeline massive-animate\">\n<div>\n<h3>2024.11.21<\/h3>\n<p>Prenumeratos<br \/>\nlaikotarpio prad\u017eia<\/p>\n<\/div>\n<div>\n<h3>2024.12.06<\/h3>\n<p>Prenumeratos<br \/>\nlaikotarpio pabaiga<\/p>\n<\/div>\n<div>\n<h3>2024.12.10<\/h3>\n<p>Paskirstymo<br \/>\npatvirtinimas<\/p>\n<\/div>\n<div>\n<h3>2024.12.13<\/h3>\n<p>Vert\u0117s<br \/>\ndata<\/p>\n<\/div>\n<div>\n<h3>2024.12.30<\/h3>\n<p>Numatoma<br \/>\nprekybos prad\u017eia<\/p>\n<\/div>\n<\/div>\n<hr class=\"section-spacer\" \/>\n<h2 id=\"qa\" style=\"text-align: center;\">DUK<\/h2>\n\n\t\t\t\t\t\t\t<div class=\"qq\">\n\n\t\t\t\t<p class=\"accordion\">Q1. Kas gali dalyvauti EfTEN Real Estate Fund AS akcij\u0173 vie\u0161ajame si\u016blyme?<\/p>\n\n\t\t\t\t\t\t\t\t\t<div class=\"panel\">A. Vie\u0161asis si\u016blymas yra atviras visiems ma\u017emeniniams ir profesionaliems investuotojams Estijoje, Latvijoje ir Lietuvoje. Daugiau informacijos rasite prospekte s\u0105lygose.<\/div>\n\t\t\t\t\t\t\t\t<\/div>\n\n\t\t\t\n\t\n\n\t\t\t\t\t\t\t<div class=\"qq\">\n\n\t\t\t\t<p class=\"accordion\">Q2. Kur galiu u\u017esiprenumeruoti akcijas?<\/p>\n\n\t\t\t\t\t\t\t\t\t<div class=\"panel\">A. Lietuvoje investuotojas, norintis pasira\u0161yti si\u016blomas akcijas, turi kreiptis \u012f finans\u0173 \u012fstaig\u0105, kuri yra  \u201eNasdaq Baltic\u201c nar\u0117 ir kuri valdo investuotojo vertybini\u0173 popieri\u0173 s\u0105skait\u0105, ir pateikti pasi\u016blym\u0105 pirkti Platinamas  akcijas pirkimo u\u017esakymo forma, kuri\u0105 priima min\u0117ta finans\u0173 \u012fstaiga ir kuri atitinka Prospekto s\u0105lygas.<\/div>\n\t\t\t\t\t\t\t\t<\/div>\n\n\t\t\t\n\t\n\n\t\t\t\t\t\t\t<div class=\"qq\">\n\n\t\t\t\t<p class=\"accordion\">Q3. Kur ir kada gal\u0117siu pamatyti, kiek akcij\u0173 gavau?<\/p>\n\n\t\t\t\t\t\t\t\t\t<div class=\"panel\">A. I\u0161leidimo rezultatai ir paskirstymo principai bus paskelbti  apie 2024 m. gruod\u017eio 10 d. kaip bir\u017eos prane\u0161imas \u201eNasdaq Baltic\u201c svetain\u0117je. Po akcij\u0173 paskirstymo ir atsiskaitymo kiekvienas prenumeratorius gal\u0117s su\u017einoti jam skirt\u0173 akcij\u0173 skai\u010di\u0173 i\u0161 s\u0105skait\u0173 tvarkytojo (banko), per kur\u012f jis u\u017esisak\u0117 akcijas.<\/div>\n\t\t\t\t\t\t\t\t<\/div>\n\n\t\t\t\n\t\n\n\t\t\t\t\t\t\t<div class=\"qq\">\n\n\t\t\t\t<p class=\"accordion\">Q4. Jei u\u017esisakau akcijas \u012fmon\u0117s vardu, ar man reikia galiojan\u010dio LEI kodo?<\/p>\n\n\t\t\t\t\t\t\t\t\t<div class=\"panel\">A. U\u017esakovai, kurie yra juridiniai asmenys, privalo tur\u0117ti galiojant\u012f LEI kod\u0105. Be jo bankai (s\u0105skait\u0173 tvarkytojai) gali atsisakyti priimti juridini\u0173 asmen\u0173 sandori\u0173 pavedimus.<\/div>\n\t\t\t\t\t\t\t\t<\/div>\n\n\t\t\t\n\t\n\n\t\t\t\t\t\t\t<div class=\"qq\">\n\n\t\t\t\t<p class=\"accordion\">Q5. Ar galiu u\u017esiprenumeruoti akcijas per investicin\u0119 s\u0105skait\u0105 ar pensij\u0173 investicin\u0119 s\u0105skait\u0105 Lietuvoje?<\/p>\n\n\t\t\t\t\t\t\t\t\t<div class=\"panel\">A. Taip, tai yra \u012fmanoma.<\/div>\n\t\t\t\t\t\t\t\t<\/div>\n\n\t\t\t\n\t\n\n\t\t\t\t\t\t\t<div class=\"qq\">\n\n\t\t\t\t<p class=\"accordion\">Q6. Koks yra minimalus akcij\u0173 kiekis, kur\u012f galiu u\u017esisakyti?<\/p>\n\n\t\t\t\t\t\t\t\t\t<div class=\"panel\">A. Minimalus u\u017esakymo kiekis yra viena (1) akcija. Akcijos u\u017esakymo kaina yra 19 eur\u0173. Bankai gali prid\u0117ti savo mokest\u012f prie u\u017esakymo apmok\u0117jiimo nurodymo.<\/div>\n\t\t\t\t\t\t\t\t<\/div>\n\n\t\t\t\n\t\n\n\t\t\t\t\t\t\t<div class=\"qq\">\n\n\t\t\t\t<p class=\"accordion\">Q7. Kur galiu rasti daugiau informacijos?<\/p>\n\n\t\t\t\t\t\t\t\t\t<div class=\"panel\">A. Nor\u0117dami gauti daugiau informacijos, perskaitykite prospekt\u0105 ir prospekto santrauk\u0105. Visa \u0161i informacija pasiekiama \u201eEfTEN Real Estate Fund AS\u201c svetain\u0117je: <a href='https:\/\/eref.ee\/en\/investorile\/subscription-of-new-shares\/' target='_blank'>https:\/\/eref.ee\/en\/investorile\/subscription-of-new-shares\/<\/a>.<\/div>\n\t\t\t\t\t\t\t\t<\/div>\n\n\t\t\t\n\t\n<hr class=\"section-spacer-150\" \/>\n\t\t\t\t\t\t\t\t\t\t\t\t\t\t\t\t\t\t\t \n\t<div id=\"about\" class=\"twocol-table mask massive-animate columns2 right call-for-action2\" >\n\t\t\n\t\t\t\n\t\t<div class=\"twocol-one massive-image first\" data-background-image=\"https:\/\/investor.eref.ee\/wp-content\/uploads\/2024\/11\/galerii-9-1-2.jpg\" style=\"background-image: url('https:\/\/investor.eref.ee\/wp-content\/uploads\/2024\/11\/galerii-9-1-2-128x85.jpg')\" role=\"img\" aria-label=\"EfTEN Real Estate Fund AS\"><br\/>\n\t\t\t\t\t\t\t\t\t\t\n\t\t\t\n\t\t  <\/div>\t\t\t\t\t\t\t\t\t\t\t\t\t\t\t\t\t \t\t\t\t\t\t\t\t\t\t\t\t\t\t \t\n\t\t\t<div class=\"twocol-one massive-text last\">\n\t\t\t\n\t\t\t\t\t\t\t\t\t<h2> EfTEN Real Estate Fund AS<\/h2> \n\t\t\t\t\t\t\n\t\t\n\t\t\t\t\t\t\t\t\t<p><strong>EfTEN Real Estate Fund AS yra vie\u0161as u\u017edaras alternatyvus investicinis fondas, \u012fsteigtas 2015 m., kuris investuoja \u012f pinig\u0173 srautus generuojant\u012f komercin\u012f nekilnojam\u0105j\u012f turt\u0105 Baltijos \u0161alyse.<\/strong><\/p>\n<p>Fondas vadovaujasi vert\u0117s augimo ir oportunistine investavimo strategija. Fondas investuoja \u012f \u0161iuos sektorius:<\/p>\n<ul>\n<li>Biur\u0173 patalpos<\/li>\n<li>Prekybos patalpos<\/li>\n<li>Sand\u0117liavimo ir gamybos patalpos<\/li>\n<li>Vie\u0161bu\u010diai<\/li>\n<li>Slaugos namai<\/li>\n<\/ul>\n\t\t\t\t\t\t\t\t\t\t\t\t\t<a href=\"https:\/\/eref.ee\/en\/fondi-info\/fondi-info\/\" class=\"action-button\" target=\"_blank\" >Daugiau info<span>eref.ee\/fondi-info<\/span><\/a>\n\t\t\t\t\t\t\t\t\t\t\t\t\t<a href=\"https:\/\/eref.ee\/en\/portfell\/\" class=\"action-button alt\" target=\"_blank\" >Portfelis<span>eref.ee\/portfell<\/span><\/a>\n\t\t\t\t\t\t\t\t\n\t\t<\/div>\n\t<\/div>\n\n\t\n<hr class=\"section-spacer-150\" \/>\n<div class=\"image-gallery massive-animate\"><div class='image-item' style='background-image: url(https:\/\/investor.eref.ee\/wp-content\/uploads\/2024\/11\/galerii-13.jpg);'><a href='https:\/\/investor.eref.ee\/wp-content\/uploads\/2024\/11\/galerii-13.jpg' data-featherlight='image'><\/a><\/div><div class='image-item' style='background-image: url(https:\/\/investor.eref.ee\/wp-content\/uploads\/2024\/10\/galerii-15.jpg);'><a href='https:\/\/investor.eref.ee\/wp-content\/uploads\/2024\/10\/galerii-15.jpg' data-featherlight='image'><\/a><\/div><div class='image-item' style='background-image: url(https:\/\/investor.eref.ee\/wp-content\/uploads\/2024\/10\/galerii-12.jpg);'><a href='https:\/\/investor.eref.ee\/wp-content\/uploads\/2024\/10\/galerii-12.jpg' data-featherlight='image'><\/a><\/div><div class='image-item' style='background-image: url(https:\/\/investor.eref.ee\/wp-content\/uploads\/2024\/11\/galerii-4.jpg);'><a href='https:\/\/investor.eref.ee\/wp-content\/uploads\/2024\/11\/galerii-4.jpg' data-featherlight='image'><\/a><\/div><div class='image-item' style='background-image: url(https:\/\/investor.eref.ee\/wp-content\/uploads\/2024\/11\/galerii-14-1.jpg);'><a href='https:\/\/investor.eref.ee\/wp-content\/uploads\/2024\/11\/galerii-14-1.jpg' data-featherlight='image'><\/a><\/div><\/div>\n<hr class=\"section-spacer-150\" \/>\n<div id=\"signup\" class=\"twocol-table right massive-animate call-for-action2\">\n<div class=\"twocol-one massive-back first\">\n<h2>Kaip u\u017esiprenumeruoti?<\/h2>\n<p class=\"contact-description\">Lietuvoje investuotojas, norintis pasira\u0161yti si\u016blomas akcijas, turi kreiptis \u012f finans\u0173 \u012fstaig\u0105, kuri yra \u00a0\u201eNasdaq Baltic\u201c nar\u0117 ir kuri valdo investuotojo vertybini\u0173 popieri\u0173 s\u0105skait\u0105, ir pateikti pasi\u016blym\u0105 pirkti Platinamas \u00a0akcijas pirkimo u\u017esakymo forma, kuri\u0105 priima min\u0117ta finans\u0173 \u012fstaiga ir kuri atitinka Prospekto s\u0105lygas.<\/p>\n<h3 class=\"contact-person-name\">EfTEN Real Estate Fund AS<\/h3>\n<p class=\"contact-person-title\">Nekilnojamojo turto fondas, investicijos \u012f pinig\u0173 srautus generuojant\u012f komercin\u012f nekilnojam\u0105j\u012f turt\u0105 Baltijos \u0161alyse<\/p>\n<p class=\"contact-person-icon\"><i class=\"fa fa-phone\" aria-label=\"Phone\"><\/i> +370 610 29328<\/p>\n<p class=\"contact-person-icon\"><i class=\"fa fa-envelope\" aria-label=\"E-mail\"><\/i> Laurynas.Zilys@eften.lt<\/p>\n<\/div>\n<div class=\"twocol-one massive-logos last\"><a href=\"https:\/\/www.swedbank.lt\/private\/investor\/stock\/subscription\" class=\"action-button alt image\" target=\"_blank\" rel=\"noopener\"><img decoding=\"async\" src=\"https:\/\/investor.eref.ee\/wp-content\/uploads\/2024\/11\/swed.svg\" alt=\"\" class=\"size-thumbnail aligncenter\" style=\"height: 35px;\" \/> <\/a><br \/>\n<a href=\"https:\/\/www.seb.lt\/privatiems\/taupymas-ir-investavimas\/investavimas\" class=\"action-button alt image\" target=\"_blank\" rel=\"noopener\"><img decoding=\"async\" src=\"https:\/\/investor.eref.ee\/wp-content\/uploads\/2024\/11\/seb.svg\" alt=\"\" class=\"size-thumbnail aligncenter\" style=\"height: 35px;\" \/> <\/a><br \/>\n<a href=\"https:\/\/www.orion.lt\/eften-spo\/\" class=\"action-button alt image\" target=\"_blank\" rel=\"noopener\"><img decoding=\"async\" src=\"https:\/\/investor.eref.ee\/wp-content\/uploads\/2024\/11\/orion.svg\" alt=\"\" class=\"size-thumbnail aligncenter\" style=\"height: 40px;\" \/> <\/a><\/div>\n<\/div>\n<hr class=\"section-spacer\" \/>\n","protected":false},"excerpt":{"rendered":"<p>S\u0105lygos<\/p>\n<p>Priemon\u0117s pavadinimas<br \/>\nEfTEN Real Estate Fund AS akcija<\/p>\n<p>Prenumeratos laikotarpis<br \/>\n2024-11-21, 9:00 iki 2024-12-06, 15:30<\/p>\n<p>Pasi\u016blymo \u0161alys<br \/>\nEstija, Latvija, Lietuva<\/p>\n<p>\u012etraukimas \u012f s\u0105ra\u0161\u0105<br \/>\nNasdaq Tallinn, Baltijos pagrindinis s\u0105ra\u0161as<\/p>\n<p>Prenumeratos kaina<br \/>\n19 eurai<\/p>\n<p>Bendras emisijos kiekis<br \/>\n1 000 000 akcij\u0173, kurios gali b\u016bti padidintas iki 1 500 000 akcij\u0173<\/p>\n<p>Prospektas<br \/>\nProspektas (neoficialus vertimas EN)<\/p>\n<p>Prospekto santrauka<br \/>\nProspekto santrauka (LT), Prospekto santrauka (EN)<\/p>\n<p>Pagrindin\u0117s informacijos dokumentas<br \/>\nPagrindin\u0117s informacijos dokumentas (LT)<\/p>\n<p>Investuotoj\u0173 pristatymas<br \/>\nInvestuotoj\u0173 pristatymas (EN)<\/p>\n<p>DUK<br \/>\nDa\u017enai u\u017eduodami klausimai<\/p>\n<p>Grafikas<\/p>\n<h3>2024.11.21<\/h3>\n<p>Prenumeratos<br \/>\nlaikotarpio prad\u017eia<\/p>\n<h3>2024.12.06<\/h3>\n<p>Prenumeratos<br \/>\nlaikotarpio pabaiga<\/p>\n<h3>2024.12.10<\/h3>\n<p>Paskirstymo<br \/>\npatvirtinimas<\/p>\n<h3>2024.12.13<\/h3>\n<p>Vert\u0117s<br \/>\ndata<\/p>\n<h3>2024.12.30<\/h3>\n<p>Numatoma<br \/>\nprekybos prad\u017eia<\/p>\n<p>DUK<\/p>\n<p>Kaip u\u017esiprenumeruoti?  <a href=\"https:\/\/investor.eref.ee\/lt\/\">&nbsp;&raquo;&nbsp;Read more<\/a><\/p>\n","protected":false},"author":1,"featured_media":7236,"parent":0,"menu_order":0,"comment_status":"closed","ping_status":"closed","template":"template-eften-clean.php","meta":{"footnotes":""},"class_list":["post-5165","page","type-page","status-publish","has-post-thumbnail","hentry"],"_links":{"self":[{"href":"https:\/\/investor.eref.ee\/lt\/wp-json\/wp\/v2\/pages\/5165","targetHints":{"allow":["GET"]}}],"collection":[{"href":"https:\/\/investor.eref.ee\/lt\/wp-json\/wp\/v2\/pages"}],"about":[{"href":"https:\/\/investor.eref.ee\/lt\/wp-json\/wp\/v2\/types\/page"}],"author":[{"embeddable":true,"href":"https:\/\/investor.eref.ee\/lt\/wp-json\/wp\/v2\/users\/1"}],"replies":[{"embeddable":true,"href":"https:\/\/investor.eref.ee\/lt\/wp-json\/wp\/v2\/comments?post=5165"}],"version-history":[{"count":6,"href":"https:\/\/investor.eref.ee\/lt\/wp-json\/wp\/v2\/pages\/5165\/revisions"}],"predecessor-version":[{"id":7566,"href":"https:\/\/investor.eref.ee\/lt\/wp-json\/wp\/v2\/pages\/5165\/revisions\/7566"}],"wp:featuredmedia":[{"embeddable":true,"href":"https:\/\/investor.eref.ee\/lt\/wp-json\/wp\/v2\/media\/7236"}],"wp:attachment":[{"href":"https:\/\/investor.eref.ee\/lt\/wp-json\/wp\/v2\/media?parent=5165"}],"curies":[{"name":"wp","href":"https:\/\/api.w.org\/{rel}","templated":true}]}}