{"id":7254,"date":"2024-10-23T14:18:13","date_gmt":"2024-10-23T12:18:13","guid":{"rendered":"https:\/\/investor.eref.ee\/avaleht\/"},"modified":"2024-11-28T11:35:02","modified_gmt":"2024-11-28T09:35:02","slug":"avaleht","status":"publish","type":"page","link":"https:\/\/investor.eref.ee\/lv\/","title":{"rendered":"EfTEN Real Estate Fund AS Papildu Akciju Publiskais Pied\u0101v\u0101jums"},"content":{"rendered":"\t\t\t\t\t\t\t\t\t\t\t\t\t\t\t\t\t\t\t \n\t<div id=\"\" class=\"twocol-table mask dark left hero call-for-action3\" >\n\t\t\n\t\t\t\n\t\t<div class=\"twocol-one massive-image last\" data-background-image=\"https:\/\/investor.eref.ee\/wp-content\/uploads\/2024\/10\/galerii-12.jpg\" style=\"background-image: url('https:\/\/investor.eref.ee\/wp-content\/uploads\/2024\/10\/galerii-12.jpg')\" role=\"img\" aria-label=\"Eref portfell\"><br\/>\n\t\t\t\t\t\t\t\t\t\t<video autoplay loop muted playsinline style=\"position:absolute; top:0; left:0; width:100%; height:100%; object-fit:cover; z-index:-1;\">\n\t\t\t\t<source src=\"https:\/\/investor.eref.ee\/wp-content\/uploads\/2024\/10\/eref1_1080p_7.mp4\" type=\"video\/mp4\">\n\t\t\t\t<img decoding=\"async\" src=\"https:\/\/investor.eref.ee\/wp-content\/uploads\/2024\/10\/galerii-12.jpg\" alt=\"Eref portfell\" style=\"width:100%; height:100%; object-fit:cover; position:absolute; top:0; left:0; z-index:0;\"\/>\n\t\t\t<\/video>\n\t\t\t\t\t\n\t\t\t\n\t\t  <\/div>\t\t\t\t\t\t\t\t\t\t\t\t\t\t\t\t\t \t\t\t\t\t\t\t\t\t\t\t\t\t\t \t\n\t\t\t<div class=\"twocol-one massive-text \">\n\t\t\t\n\t\t\t\t\t\t\t\t\t<h1> EfTEN Real<br \/>\nEstate Fund AS<br \/>\npapildu akciju<br \/>\npubliskais<br \/>\npied\u0101v\u0101jums<\/h1> \n\t\t\t\t\t\t\n\t\t\n\t\t\t\t\t\t\t\t\t<p>Parakst\u012b\u0161an\u0101s periods: 21.11.2024. &#8211; 06.12.2024.<\/p>\n\t\t\t\t\t\t\t\t\t\t\t\t\t<a href=\"#terms\" class=\"action-button\"  >K\u0101?<span>Izlasiet nosac\u012bjumus<\/span><\/a>\n\t\t\t\t\t\t\t\t\t\t\t\t\t<a href=\"#timeline\" class=\"action-button alt\"  >Kad?<span>Skatiet grafiku<\/span><\/a>\n\t\t\t\t\t\t\t\t\n\t\t<\/div>\n\t<\/div>\n\n\t\n<hr class=\"section-spacer\" \/>\n<div class=\"masonry three-col three-columns-image massive-animate\">\n<div class=\"fix\"><\/div>\t\n\t\n\t\t\t\t\t\t\t\t\t<div class=\"item\"><div class=\"cell-content\">\n\t\t\t\t\t\t\t\t\t\t\t\t \t\t\t\t\t\t\t\t\t\t   \n\t\t\t\t\t\t <div class=\"cell-image\">\t\t\t\t\t\t<img loading=\"lazy\" decoding=\"async\" alt=\"argument\" width=\"256\" height=\"256\" class=\"alignleft size-thumbnail three-columns-image \"  src=\"https:\/\/investor.eref.ee\/wp-content\/uploads\/2024\/10\/icon-portfolio-flat-256x256.jpg\"><\/div>\t\t\t\t\t\t\t\t\t\t\t\t\t   \n\t\t\t\t\t\t\t\t\t\t\t\t\t\t\t\t\t\t<div class=\"cell-text\">\n\t\t\t\t\t\t<h3>35 komerci\u0101lie<br \/>\n\u012bpa\u0161umi<br \/>\nBaltijas valst\u012bs<\/h3>\n\t\t\t\t\t\t<\/div>\t\t\t\t\t\t\n\t\t\t\t\t\t<\/div><\/div>\n\t\t\t\t\t\n\t\t\t\t\t\t\t\t\t<div class=\"item\"><div class=\"cell-content\">\n\t\t\t\t\t\t \t\t\t\t\t\t \t\t\t\t\t\t\t\t\t\t   \n\t\t\t\t\t\t <div class=\"cell-image\">\t\t\t\t\t\t<img loading=\"lazy\" decoding=\"async\" alt=\"argument\" width=\"256\" height=\"256\" class=\"alignleft size-thumbnail three-columns-image\"  src=\"https:\/\/investor.eref.ee\/wp-content\/uploads\/2024\/10\/icon-trend-flat-256x256.jpg\"><\/div>\t\t\t\t\t\t\t\t\t\t\t\t\t   \n\t\t\t\t\t\t\t\t\t\t\t\t\t\t\t\t\t\t<div class=\"cell-text\">\n\t\t\t\t\t\t<h3>Stabili<br \/>\ndividen\u017eu<br \/>\nmaks\u0101jumi<\/h3>\n\t\t\t\t\t\t\t<\/div>\t\t\t\t\t\t\n\t\t\t\t\t\t<\/div><\/div>\n\t\t\t\t\t\n\t\t\t\t\t\t\t\t\t<div class=\"item\"><div class=\"cell-content\">\n\t\t\t\t\t\t \t\t\t\t\t\t \t\t\t\t\t\t\t\t\t\t   \n\t\t\t\t\t\t <div class=\"cell-image\">\t\t\t\t\t\t<img loading=\"lazy\" decoding=\"async\" alt=\"argument\" width=\"256\" height=\"256\" class=\"alignleft size-thumbnail three-columns-image\"  src=\"https:\/\/investor.eref.ee\/wp-content\/uploads\/2024\/10\/icon-vacancy-flat-256x256.jpg\"><\/div>\t\t\t\t\t\t\t\t\t\t\t\t\t   \n\t\t\t\t\t\t\t\t\t\t\t\t\t\t\t\t\t\t<div class=\"cell-text\">\n\t\t\t\t\t\t<h3>Zems portfe\u013ca<br \/>\nbr\u012bvo telpu<br \/>\n\u012bpatsvars<br \/>\n<\/h3>\n\t\t\t\t\t\t<\/div>\t\t\t\t\n\t\t\t\t\t\t<\/div><\/div>\n\t\t\t\t<\/div>\n\n\t\n<hr class=\"section-spacer\" \/>\n<h2 id=\"terms\" style=\"text-align: center;\">Nosac\u012bjumi<\/h2>\n<div id=\"terms\"><\/div>\n<div class=\"table-wrapper massive-animate\">\n<div class=\"table-scroll\">\n<table class=\"table terms\">\n<tbody>\n<tr>\n<th><\/th>\n<th><\/th>\n<\/tr>\n<tr>\n<td>V\u0113rtspap\u012bru nosaukums<\/td>\n<td>EfTEN Real Estate Fund AS akcija<\/td>\n<\/tr>\n<tr>\n<td>Parakst\u012b\u0161an\u0101s periods<\/td>\n<td>21.11.2024. plkst. 9:00 l\u012bdz 06.12.2024. plkst. 15:30<\/td>\n<\/tr>\n<tr>\n<td>Pied\u0101v\u0101juma jurisdikcijas<\/td>\n<td>Igaunija, Latvija, Lietuva<\/td>\n<\/tr>\n<tr>\n<td>Iek\u013cau\u0161ana sarakst\u0101<\/td>\n<td>Nasdaq Tallinn, Baltijas ofici\u0101lais saraksts<\/td>\n<\/tr>\n<tr>\n<td>Pieteik\u0161an\u0101s cena<\/td>\n<td>19 eiro<\/td>\n<\/tr>\n<tr>\n<td>Kop\u0113jais emisijas apjoms<\/td>\n<td>1 000 000 akciju, kas var tikt palielin\u0101ts l\u012bdz 1 500 000 akcij\u0101m<\/td>\n<\/tr>\n<tr>\n<td>Prospekts<\/td>\n<td><a href=\"https:\/\/eref.ee\/wp-content\/uploads\/2024\/11\/EREF_prospekt_EN.pdf\" target=\"_blank\" rel=\"noopener\">Prospekts (neofici\u0101ls tulkojums EN)<\/a><\/td>\n<\/tr>\n<tr>\n<td>Prospekta kopsavilkums<\/td>\n<td><a href=\"https:\/\/eref.ee\/wp-content\/uploads\/2024\/11\/EREF_prospekti_kokkuvote_LV_201124.pdf\" target=\"_blank\" rel=\"noopener\">Prospekta kopsavilkums (LV)<\/a>, <a href=\"https:\/\/eref.ee\/wp-content\/uploads\/2024\/11\/EREF_prospekti_kokkuvote_EN_201124.pdf\" target=\"_blank\" rel=\"noopener\">Prospekta kopsavilkums (EN)<\/a><\/td>\n<\/tr>\n<tr>\n<td>Pamatinform\u0101cijas dokuments<\/td>\n<td><a href=\"https:\/\/investor.eref.ee\/wp-content\/uploads\/2024\/11\/eref_pohiteabedokument_latvia_281124.pdf\" target=\"_blank\" rel=\"noopener\">Pamatinform\u0101cijas dokuments (LV)<\/a>, <a href=\"https:\/\/eref.ee\/wp-content\/uploads\/2024\/09\/EREF_Investorile_esitatav_pohiteaveENG_2024_02.pdf\" target=\"_blank\" rel=\"noopener\">Pamatinform\u0101cijas dokuments (EN)<\/a><\/td>\n<\/tr>\n<tr>\n<td>Investoru prezent\u0101cija<\/td>\n<td><a href=\"https:\/\/investor.eref.ee\/wp-content\/uploads\/2024\/11\/eref-investor-presentation_eng.pdf\" target=\"_blank\" rel=\"noopener\">Investoru prezent\u0101cija (EN)<\/a><\/td>\n<\/tr>\n<tr>\n<td>BUJ<\/td>\n<td><a href=\"#qa\">Bie\u017e\u0101k uzdotie jaut\u0101jumi<\/a><\/td>\n<\/tr>\n<tr>\n<td><\/td>\n<td><\/td>\n<\/tr>\n<\/tbody>\n<\/table>\n<\/div>\n<\/div>\n<hr class=\"section-spacer\" \/>\n<h2 id=\"timeline\" style=\"text-align: center;\">Laika grafiks<\/h2>\n<div class=\"timeline massive-animate\">\n<div>\n<h3>21.11.2024.<\/h3>\n<p>Pieteik\u0161an\u0101s<br \/>\nperioda s\u0101kums<\/p>\n<\/div>\n<div>\n<h3>06.12.2024.<\/h3>\n<p>Pieteik\u0161an\u0101s<br \/>\nperioda beigas<\/p>\n<\/div>\n<div>\n<h3>10.12.2024.<\/h3>\n<p>Allok\u0101cijas<br \/>\napstiprin\u0101jums<\/p>\n<\/div>\n<div>\n<h3>13.12.2024.<\/h3>\n<p>Valut\u0101cijas<br \/>\ndatums<\/p>\n<\/div>\n<div>\n<h3>30.12.2024.<\/h3>\n<p>Paredzamais<br \/>\ntirdzniec\u012bbas s\u0101kums<\/p>\n<\/div>\n<\/div>\n<hr class=\"section-spacer\" \/>\n<h2 id=\"qa\" style=\"text-align: center;\">BUJ<\/h2>\n\n\t\t\t\t\t\t\t<div class=\"qq\">\n\n\t\t\t\t<p class=\"accordion\">Q1. Kas var piedal\u012bties EfTEN Real Estate Fund AS akciju publiskaj\u0101 pied\u0101v\u0101jum\u0101?<\/p>\n\n\t\t\t\t\t\t\t\t\t<div class=\"panel\">A. Publiskais pied\u0101v\u0101jums ir pieejams visiem priv\u0101tajiem un profesion\u0101lajiem investoriem Igaunij\u0101, Latvij\u0101 un Lietuv\u0101. Pla\u0161\u0101ku inform\u0101ciju skatiet prospekt\u0101 noteikumos.<\/div>\n\t\t\t\t\t\t\t\t<\/div>\n\n\t\t\t\n\t\n\n\t\t\t\t\t\t\t<div class=\"qq\">\n\n\t\t\t\t<p class=\"accordion\">Q2. Kur es varu pieteikties akcij\u0101m?<\/p>\n\n\t\t\t\t\t\t\t\t\t<div class=\"panel\">A. Latvij\u0101 ieguld\u012bt\u0101jam, kur\u0161 v\u0113las parakst\u012bties uz Pied\u0101v\u0101taj\u0101m akcij\u0101m, ir j\u0101sazin\u0101s ar finan\u0161u iest\u0101di, kas ir Nasdaq Baltic dal\u012bbnieks un kas p\u0101rvalda ieguld\u012bt\u0101ja v\u0113rtspap\u012bru kontu, un j\u0101iesniedz pied\u0101v\u0101jums ieg\u0101d\u0101ties Pied\u0101v\u0101t\u0101s akcijas pirkuma r\u012bkojuma veid\u0101, kuru \u0161\u012b finan\u0161u iest\u0101de pie\u0146em un kur\u0161 atbilst Prospekta noteikumiem un nosac\u012bjumiem.<\/div>\n\t\t\t\t\t\t\t\t<\/div>\n\n\t\t\t\n\t\n\n\t\t\t\t\t\t\t<div class=\"qq\">\n\n\t\t\t\t<p class=\"accordion\">Q3. Kur un kad varu redz\u0113t, cik akcijas esmu sa\u0146\u0113mis?<\/p>\n\n\t\t\t\t\t\t\t\t\t<div class=\"panel\">A. Emisijas rezult\u0101ti un sadales principi tiks public\u0113ti k\u0101 bir\u017eas pazi\u0146ojums Nasdaq Baltic t\u012bmek\u013ca vietn\u0113 ap 2024. gada 10. decembra datumu. P\u0113c akciju sadales un nor\u0113\u0137inu pabeig\u0161anas katrs ieguld\u012bt\u0101js var\u0113s uzzin\u0101t pie\u0161\u0137irto akciju skaitu no konta p\u0101rvaldnieka (bankas), caur kuru tika veikta pieteik\u0161an\u0101s akcij\u0101m.<\/div>\n\t\t\t\t\t\t\t\t<\/div>\n\n\t\t\t\n\t\n\n\t\t\t\t\t\t\t<div class=\"qq\">\n\n\t\t\t\t<p class=\"accordion\">Q4. Ja pieteicos akcij\u0101m uz\u0146\u0113muma v\u0101rd\u0101, vai man nepiecie\u0161ams der\u012bgs LEI kods?<\/p>\n\n\t\t\t\t\t\t\t\t\t<div class=\"panel\">A. Pieteic\u0113jiem, kas ir juridiskas personas, ir j\u0101b\u016bt der\u012bgam LEI kodam. Bez t\u0101 bankas (konta p\u0101rvaldnieki) var atteikties pie\u0146emt dar\u012bjumu r\u012bkojumus no juridisk\u0101m person\u0101m.<\/div>\n\t\t\t\t\t\t\t\t<\/div>\n\n\t\t\t\n\t\n\n\t\t\t\t\t\t\t<div class=\"qq\">\n\n\t\t\t\t<p class=\"accordion\">Q5. Vai Latvij\u0101 varu pieteikties akcij\u0101m, izmantojot ieguld\u012bjuma kontu vai pensiju ieguld\u012bjumu kontu?<\/p>\n\n\t\t\t\t\t\t\t\t\t<div class=\"panel\">A. J\u0101, tas ir iesp\u0113jams.<\/div>\n\t\t\t\t\t\t\t\t<\/div>\n\n\t\t\t\n\t\n\n\t\t\t\t\t\t\t<div class=\"qq\">\n\n\t\t\t\t<p class=\"accordion\">Q6. K\u0101ds ir minim\u0101lais akciju skaits, uz ko varu pieteikties?<\/p>\n\n\t\t\t\t\t\t\t\t\t<div class=\"panel\">A. Minim\u0101lais akciju skaits, uz ko var parakst\u012bties, ir viena (1) akcija, savuk\u0101rt maksim\u0101lais akciju skaits vienam investoram nav ierobe\u017eots. Vienas akcijas pied\u0101v\u0101juma cena ir 19 eiro. Bankas var pievienot savu maksu v\u0113rtspap\u012bru ieg\u0101des r\u012bkojumam.<\/div>\n\t\t\t\t\t\t\t\t<\/div>\n\n\t\t\t\n\t\n\n\t\t\t\t\t\t\t<div class=\"qq\">\n\n\t\t\t\t<p class=\"accordion\">Q7. Kur varu atrast vair\u0101k inform\u0101cijas?<\/p>\n\n\t\t\t\t\t\t\t\t\t<div class=\"panel\">A. Pla\u0161\u0101ku inform\u0101ciju skatiet prospekt\u0101 un prospekta kopsavilkum\u0101. Visi dokumenti ir pieejami EfTEN Real Estate Fund AS t\u012bmek\u013ca vietn\u0113: <a href='https:\/\/eref.ee\/en\/investorile\/subscription-of-new-shares\/' target='_blank'>https:\/\/eref.ee\/en\/investorile\/subscription-of-new-shares\/<\/a>.<\/div>\n\t\t\t\t\t\t\t\t<\/div>\n\n\t\t\t\n\t\n<hr class=\"section-spacer-150\" \/>\n\t\t\t\t\t\t\t\t\t\t\t\t\t\t\t\t\t\t\t \n\t<div id=\"about\" class=\"twocol-table mask massive-animate columns2 right call-for-action2\" >\n\t\t\n\t\t\t\n\t\t<div class=\"twocol-one massive-image first\" data-background-image=\"https:\/\/investor.eref.ee\/wp-content\/uploads\/2024\/11\/galerii-9-1.jpg\" style=\"background-image: url('https:\/\/investor.eref.ee\/wp-content\/uploads\/2024\/11\/galerii-9-1-128x85.jpg')\" role=\"img\" aria-label=\"EfTEN Real Estate Fund AS\"><br\/>\n\t\t\t\t\t\t\t\t\t\t\n\t\t\t\n\t\t  <\/div>\t\t\t\t\t\t\t\t\t\t\t\t\t\t\t\t\t \t\t\t\t\t\t\t\t\t\t\t\t\t\t \t\n\t\t\t<div class=\"twocol-one massive-text last\">\n\t\t\t\n\t\t\t\t\t\t\t\t\t<h2> EfTEN Real Estate Fund AS<\/h2> \n\t\t\t\t\t\t\n\t\t\n\t\t\t\t\t\t\t\t\t<p><strong>EfTEN Real Estate Fund AS ir publisks sl\u0113gtais alternat\u012bvo ieguld\u012bjumu fonds, kas izveidots 2015. gad\u0101 un invest\u0113 naudas pl\u016bsmu \u0123ener\u0113jo\u0161os komerci\u0101lajos nekustamajos \u012bpa\u0161umos Baltijas valst\u012bs.<\/strong><\/p>\n<p>Fonds pielieto pievienot\u0101s v\u0113rt\u012bbas (value &#8211; added) un iesp\u0113ju izmanto\u0161anas (opportunistic) ieguld\u012bjumu strat\u0113\u0123ijas. Fonda ieguld\u012bjumu segmenti ietver:<\/p>\n<ul>\n<li>Biroju telpas<\/li>\n<li>Viesn\u012bcas<\/li>\n<li>Apr\u016bpes nami<\/li>\n<li>Mazumtirdzniec\u012bbas telpas<\/li>\n<li>Noliktavu un ra\u017eo\u0161anas telpas<\/li>\n<\/ul>\n\t\t\t\t\t\t\t\t\t\t\t\t\t<a href=\"https:\/\/eref.ee\/en\/fondi-info\/fondi-info\/\" class=\"action-button\" target=\"_blank\" >Vair\u0101k info<span>eref.ee\/fondi-info<\/span><\/a>\n\t\t\t\t\t\t\t\t\t\t\t\t\t<a href=\"https:\/\/eref.ee\/en\/portfell\" class=\"action-button alt\" target=\"_blank\" >Portfelis<span>eref.ee\/portfell<\/span><\/a>\n\t\t\t\t\t\t\t\t\n\t\t<\/div>\n\t<\/div>\n\n\t\n<hr class=\"section-spacer-150\" \/>\n<div class=\"image-gallery massive-animate\"><div class='image-item' style='background-image: url(https:\/\/investor.eref.ee\/wp-content\/uploads\/2024\/11\/galerii-13.jpg);'><a href='https:\/\/investor.eref.ee\/wp-content\/uploads\/2024\/11\/galerii-13.jpg' data-featherlight='image'><\/a><\/div><div class='image-item' style='background-image: url(https:\/\/investor.eref.ee\/wp-content\/uploads\/2024\/10\/galerii-15.jpg);'><a href='https:\/\/investor.eref.ee\/wp-content\/uploads\/2024\/10\/galerii-15.jpg' data-featherlight='image'><\/a><\/div><div class='image-item' style='background-image: url(https:\/\/investor.eref.ee\/wp-content\/uploads\/2024\/10\/galerii-12.jpg);'><a href='https:\/\/investor.eref.ee\/wp-content\/uploads\/2024\/10\/galerii-12.jpg' data-featherlight='image'><\/a><\/div><div class='image-item' style='background-image: url(https:\/\/investor.eref.ee\/wp-content\/uploads\/2024\/11\/galerii-4.jpg);'><a href='https:\/\/investor.eref.ee\/wp-content\/uploads\/2024\/11\/galerii-4.jpg' data-featherlight='image'><\/a><\/div><div class='image-item' style='background-image: url(https:\/\/investor.eref.ee\/wp-content\/uploads\/2024\/11\/galerii-14-1.jpg);'><a href='https:\/\/investor.eref.ee\/wp-content\/uploads\/2024\/11\/galerii-14-1.jpg' data-featherlight='image'><\/a><\/div><\/div>\n<hr class=\"section-spacer-150\" \/>\n<div id=\"signup\" class=\"twocol-table right massive-animate call-for-action2\">\n<div class=\"twocol-one massive-back first\">\n<h2>K\u0101 pieteikties?<\/h2>\n<p class=\"contact-description\">Latvij\u0101 ieguld\u012bt\u0101jam, kur\u0161 v\u0113las parakst\u012bties uz Pied\u0101v\u0101taj\u0101m akcij\u0101m, ir j\u0101sazin\u0101s ar finan\u0161u iest\u0101di, kas ir Nasdaq Baltic dal\u012bbnieks un kas p\u0101rvalda ieguld\u012bt\u0101ja v\u0113rtspap\u012bru kontu, un j\u0101iesniedz pied\u0101v\u0101jums ieg\u0101d\u0101ties Pied\u0101v\u0101t\u0101s akcijas pirkuma r\u012bkojuma veid\u0101, kuru \u0161\u012b finan\u0161u iest\u0101de pie\u0146em un kur\u0161 atbilst Prospekta noteikumiem un nosac\u012bjumiem.<\/p>\n<h3 class=\"contact-person-name\">EfTEN Real Estate Fund AS<\/h3>\n<p class=\"contact-person-title\">Nekustam\u0101 \u012bpa\u0161uma fonds, kas iegulda l\u012bdzek\u013cus naudas pl\u016bsmu \u0123ener\u0113jo\u0161os komerci\u0101lajos nekustamajos \u012bpa\u0161umos Baltijas valst\u012bs<\/p>\n<p class=\"contact-person-icon\"><i class=\"fa fa-phone\" aria-label=\"Phone\"><\/i> +371 6736 5551<\/p>\n<p class=\"contact-person-icon\"><i class=\"fa fa-envelope\" aria-label=\"E-mail\"><\/i> info@eften.lv<\/p>\n<\/div>\n<div class=\"twocol-one massive-logos last\"><a href=\"https:\/\/www.swedbank.lv\/private\/investor\/stock\/subscription?language=LAT\" class=\"action-button alt image\" target=\"_blank\" rel=\"noopener\"><img decoding=\"async\" src=\"https:\/\/investor.eref.ee\/wp-content\/uploads\/2024\/11\/swed.svg\" alt=\"\" class=\"size-thumbnail aligncenter\" style=\"height: 35px;\" \/> <\/a><br \/>\n<a href=\" https:\/\/www.seb.lv\/privatpersonam\/uzkrajumi-un-ieguldijumi\/ieguldijumi\" class=\"action-button alt image\" target=\"_blank\" rel=\"noopener\"><img decoding=\"async\" src=\"https:\/\/investor.eref.ee\/wp-content\/uploads\/2024\/11\/seb.svg\" alt=\"\" class=\"size-thumbnail aligncenter\" style=\"height: 35px;\" \/> <\/a><br \/>\n<a href=\"https:\/\/www.citadele.lv\/lv\/private\/invest\/shares\/\" class=\"action-button alt image\" target=\"_blank\" rel=\"noopener\"><img decoding=\"async\" src=\"https:\/\/investor.eref.ee\/wp-content\/uploads\/2024\/11\/citadele.svg\" alt=\"\" class=\"size-thumbnail aligncenter\" style=\"height: 25px;\" \/> <\/a><\/div>\n<\/div>\n<hr class=\"section-spacer\" \/>\n","protected":false},"excerpt":{"rendered":"<p>Nosac\u012bjumi<\/p>\n<p>V\u0113rtspap\u012bru nosaukums<br \/>\nEfTEN Real Estate Fund AS akcija<\/p>\n<p>Parakst\u012b\u0161an\u0101s periods<br \/>\n21.11.2024. plkst. 9:00 l\u012bdz 06.12.2024. plkst. 15:30<\/p>\n<p>Pied\u0101v\u0101juma jurisdikcijas<br \/>\nIgaunija, Latvija, Lietuva<\/p>\n<p>Iek\u013cau\u0161ana sarakst\u0101<br \/>\nNasdaq Tallinn, Baltijas ofici\u0101lais saraksts<\/p>\n<p>Pieteik\u0161an\u0101s cena<br \/>\n19 eiro<\/p>\n<p>Kop\u0113jais emisijas apjoms<br \/>\n1 000 000 akciju, kas var tikt palielin\u0101ts l\u012bdz 1 500 000 akcij\u0101m<\/p>\n<p>Prospekts<br \/>\nProspekts (neofici\u0101ls tulkojums EN)<\/p>\n<p>Prospekta kopsavilkums<br \/>\nProspekta kopsavilkums (LV), Prospekta kopsavilkums (EN)<\/p>\n<p>Pamatinform\u0101cijas dokuments<br \/>\nPamatinform\u0101cijas dokuments (LV), Pamatinform\u0101cijas dokuments (EN)<\/p>\n<p>Investoru prezent\u0101cija<br \/>\nInvestoru prezent\u0101cija (EN)<\/p>\n<p>BUJ<br \/>\nBie\u017e\u0101k uzdotie jaut\u0101jumi<\/p>\n<p>Laika grafiks<\/p>\n<h3>21.11.2024.<\/h3>\n<p>  <a href=\"https:\/\/investor.eref.ee\/lv\/\">&nbsp;&raquo;&nbsp;Read more<\/a><\/p>\n","protected":false},"author":1,"featured_media":7256,"parent":0,"menu_order":0,"comment_status":"closed","ping_status":"closed","template":"template-eften-clean.php","meta":{"footnotes":""},"class_list":["post-7254","page","type-page","status-publish","has-post-thumbnail","hentry"],"_links":{"self":[{"href":"https:\/\/investor.eref.ee\/lv\/wp-json\/wp\/v2\/pages\/7254","targetHints":{"allow":["GET"]}}],"collection":[{"href":"https:\/\/investor.eref.ee\/lv\/wp-json\/wp\/v2\/pages"}],"about":[{"href":"https:\/\/investor.eref.ee\/lv\/wp-json\/wp\/v2\/types\/page"}],"author":[{"embeddable":true,"href":"https:\/\/investor.eref.ee\/lv\/wp-json\/wp\/v2\/users\/1"}],"replies":[{"embeddable":true,"href":"https:\/\/investor.eref.ee\/lv\/wp-json\/wp\/v2\/comments?post=7254"}],"version-history":[{"count":5,"href":"https:\/\/investor.eref.ee\/lv\/wp-json\/wp\/v2\/pages\/7254\/revisions"}],"predecessor-version":[{"id":7570,"href":"https:\/\/investor.eref.ee\/lv\/wp-json\/wp\/v2\/pages\/7254\/revisions\/7570"}],"wp:featuredmedia":[{"embeddable":true,"href":"https:\/\/investor.eref.ee\/lv\/wp-json\/wp\/v2\/media\/7256"}],"wp:attachment":[{"href":"https:\/\/investor.eref.ee\/lv\/wp-json\/wp\/v2\/media?parent=7254"}],"curies":[{"name":"wp","href":"https:\/\/api.w.org\/{rel}","templated":true}]}}