{"id":7314,"date":"2024-10-23T14:18:13","date_gmt":"2024-10-23T12:18:13","guid":{"rendered":"https:\/\/investor.eref.ee\/sonumi-edastamise-kinnitus\/"},"modified":"2024-10-30T11:13:12","modified_gmt":"2024-10-30T09:13:12","slug":"message-sent-confirmation","status":"publish","type":"page","link":"https:\/\/investor.eref.ee\/lv\/message-sent-confirmation\/","title":{"rendered":"Zi\u0146ojuma nos\u016bt\u012b\u0161anas apstiprin\u0101jums"},"content":{"rendered":"\t\t\t\t\t\t\t\t\t\t\t\t\t\t\t\t\t\t\t \n\t<div id=\"\" class=\"twocol-table mask dark left hero call-for-action3\" >\n\t\t\n\t\t\t\n\t\t<div class=\"twocol-one massive-image last\" data-background-image=\"https:\/\/investor.eref.ee\/wp-content\/uploads\/2024\/10\/galerii-12.jpg\" style=\"background-image: url('https:\/\/investor.eref.ee\/wp-content\/uploads\/2024\/10\/galerii-12.jpg')\" role=\"img\" aria-label=\"Eref portfell\"><br\/>\n\t\t\t\t\t\t\t\t\t\t\n\t\t\t\n\t\t  <\/div>\t\t\t\t\t\t\t\t\t\t\t\t\t\t\t\t\t \t\t\t\t\t\t\t\t\t\t\t\t\t\t \t\n\t\t\t<div class=\"twocol-one massive-text \">\n\t\t\t\n\t\t\t\t\t\t\t\t\t<h1> Paldies! V\u0113stule veiksm\u012bgi nos\u016bt\u012bta.<\/h1> \n\t\t\t\t\t\t\n\t\t\n\t\t\t\t\t\t\t\t\t<p>Atbild\u0113sim Jums p\u0113c iesp\u0113jas \u0101tr\u0101k.<\/p>\n\t\t\t\t\t\t\t\t\t\t\t\t\t\t\t\t\n\t\t<\/div>\n\t<\/div>\n\n\t\n\n\n<p>&nbsp;<\/p>\n<p>&nbsp;<\/p>\n","protected":false},"excerpt":{"rendered":"<p>&nbsp;<br \/>\n&nbsp;  <a href=\"https:\/\/investor.eref.ee\/lv\/message-sent-confirmation\/\">&nbsp;&raquo;&nbsp;Read more<\/a><\/p>\n","protected":false},"author":1,"featured_media":0,"parent":0,"menu_order":0,"comment_status":"closed","ping_status":"closed","template":"template-eften-clean.php","meta":{"footnotes":""},"class_list":["post-7314","page","type-page","status-publish","hentry"],"_links":{"self":[{"href":"https:\/\/investor.eref.ee\/lv\/wp-json\/wp\/v2\/pages\/7314","targetHints":{"allow":["GET"]}}],"collection":[{"href":"https:\/\/investor.eref.ee\/lv\/wp-json\/wp\/v2\/pages"}],"about":[{"href":"https:\/\/investor.eref.ee\/lv\/wp-json\/wp\/v2\/types\/page"}],"author":[{"embeddable":true,"href":"https:\/\/investor.eref.ee\/lv\/wp-json\/wp\/v2\/users\/1"}],"replies":[{"embeddable":true,"href":"https:\/\/investor.eref.ee\/lv\/wp-json\/wp\/v2\/comments?post=7314"}],"version-history":[{"count":1,"href":"https:\/\/investor.eref.ee\/lv\/wp-json\/wp\/v2\/pages\/7314\/revisions"}],"predecessor-version":[{"id":7315,"href":"https:\/\/investor.eref.ee\/lv\/wp-json\/wp\/v2\/pages\/7314\/revisions\/7315"}],"wp:attachment":[{"href":"https:\/\/investor.eref.ee\/lv\/wp-json\/wp\/v2\/media?parent=7314"}],"curies":[{"name":"wp","href":"https:\/\/api.w.org\/{rel}","templated":true}]}}